{"id":48,"date":"2022-01-25T11:01:26","date_gmt":"2022-01-25T10:01:26","guid":{"rendered":"https:\/\/www.dpiinformatique.com\/?page_id=48"},"modified":"2022-01-28T17:27:30","modified_gmt":"2022-01-28T16:27:30","slug":"services","status":"publish","type":"page","link":"https:\/\/www.dpiinformatique.com\/?page_id=48","title":{"rendered":"Services"},"content":{"rendered":"\t\t<div data-elementor-type=\"wp-page\" data-elementor-id=\"48\" class=\"elementor elementor-48\" data-elementor-settings=\"[]\">\n\t\t\t\t\t\t\t<div class=\"elementor-section-wrap\">\n\t\t\t\t\t\t\t<section class=\"elementor-section elementor-top-section elementor-element elementor-element-5bda9d91 elementor-section-boxed elementor-section-height-default elementor-section-height-default\" data-id=\"5bda9d91\" data-element_type=\"section\">\n\t\t\t\t\t\t<div class=\"elementor-container elementor-column-gap-default\">\n\t\t\t\t\t<div class=\"elementor-column elementor-col-100 elementor-top-column elementor-element elementor-element-7af8652\" data-id=\"7af8652\" data-element_type=\"column\">\n\t\t\t<div class=\"elementor-widget-wrap elementor-element-populated\">\n\t\t\t\t\t\t\t\t<div class=\"elementor-element elementor-element-46db5778 elementor-widget elementor-widget-text-editor\" data-id=\"46db5778\" data-element_type=\"widget\" data-widget_type=\"text-editor.default\">\n\t\t\t\t<div class=\"elementor-widget-container\">\n\t\t\t<style>\/*! elementor - v3.5.5 - 03-02-2022 *\/\n.elementor-widget-text-editor.elementor-drop-cap-view-stacked .elementor-drop-cap{background-color:#818a91;color:#fff}.elementor-widget-text-editor.elementor-drop-cap-view-framed .elementor-drop-cap{color:#818a91;border:3px solid;background-color:transparent}.elementor-widget-text-editor:not(.elementor-drop-cap-view-default) .elementor-drop-cap{margin-top:8px}.elementor-widget-text-editor:not(.elementor-drop-cap-view-default) .elementor-drop-cap-letter{width:1em;height:1em}.elementor-widget-text-editor .elementor-drop-cap{float:left;text-align:center;line-height:1;font-size:50px}.elementor-widget-text-editor .elementor-drop-cap-letter{display:inline-block}<\/style>\t\t\t\t<!-- wp:media-text {\"mediaId\":91,\"mediaLink\":\"http:\/\/dpiinfo2.local\/?attachment_id=91\",\"mediaType\":\"image\",\"mediaWidth\":15} -->\n<div class=\"wp-block-media-text alignwide is-stacked-on-mobile\" style=\"grid-template-columns: 15% auto;\">\n<figure class=\"wp-block-media-text__media\"><img loading=\"lazy\" decoding=\"async\" class=\"alignnone wp-image-206 size-medium\" src=\"http:\/\/dpiinfo2.local\/wp-content\/uploads\/2022\/01\/handymanpng-300x300.png\" alt=\"\" width=\"300\" height=\"300\" srcset=\"https:\/\/www.dpiinformatique.com\/wp-content\/uploads\/2022\/01\/handymanpng-300x300.png 300w, https:\/\/www.dpiinformatique.com\/wp-content\/uploads\/2022\/01\/handymanpng-150x150.png 150w, https:\/\/www.dpiinformatique.com\/wp-content\/uploads\/2022\/01\/handymanpng.png 640w\" sizes=\"auto, (max-width: 300px) 100vw, 300px\" \/><\/figure>\n<div class=\"wp-block-media-text__content\"><!-- wp:paragraph {\"placeholder\":\"Contenu\u2026\",\"style\":{\"typography\":{\"fontSize\":\"22px\"}}} -->\n<p style=\"font-size: 22px;\">D\u00e9pannage informatique sur site. Audit &amp; Conseil de votre parc informatique. Entretiens de vos machines, d\u00e9sinfection virale, mise \u00e0 jour syst\u00e8mes et logiciels. Mise en service de R\u00e9seau.\u00a0Solution de sauvegarde de vos donn\u00e9es s\u00e9curis\u00e9.<\/p>\n<!-- \/wp:paragraph --><\/div>\n<\/div>\n<!-- \/wp:media-text --><!-- wp:separator --><hr class=\"wp-block-separator\" \/><!-- \/wp:separator --><!-- wp:media-text {\"mediaId\":90,\"mediaLink\":\"http:\/\/dpiinfo2.local\/?attachment_id=90\",\"mediaType\":\"image\",\"mediaWidth\":15} -->\n<div class=\"wp-block-media-text alignwide is-stacked-on-mobile\" style=\"grid-template-columns: 15% auto;\">\n<figure class=\"wp-block-media-text__media\"><img loading=\"lazy\" decoding=\"async\" class=\"alignnone wp-image-204 \" src=\"http:\/\/dpiinfo2.local\/wp-content\/uploads\/2022\/01\/rouage-300x300.png\" alt=\"\" width=\"191\" height=\"191\" srcset=\"https:\/\/www.dpiinformatique.com\/wp-content\/uploads\/2022\/01\/rouage-300x300.png 300w, https:\/\/www.dpiinformatique.com\/wp-content\/uploads\/2022\/01\/rouage-150x150.png 150w, https:\/\/www.dpiinformatique.com\/wp-content\/uploads\/2022\/01\/rouage.png 640w\" sizes=\"auto, (max-width: 191px) 100vw, 191px\" \/><\/figure>\n<div class=\"wp-block-media-text__content\"><!-- wp:paragraph {\"placeholder\":\"Contenu\u2026\",\"style\":{\"typography\":{\"fontSize\":\"22px\"}}} -->\n<p style=\"font-size: 22px;\">Nous proposons une offre de Maintenance pr\u00e9ventive et curative, adapt\u00e9 a vos besoins. Interventions dans les plus brefs d\u00e9lais, sur simple appel. T\u00e9l\u00e9maintenance et assistance t\u00e9l\u00e9phonique.<\/p>\n<!-- \/wp:paragraph --><\/div>\n<\/div>\n<!-- \/wp:media-text --><!-- wp:separator --><hr class=\"wp-block-separator\" \/><!-- \/wp:separator --><!-- wp:media-text {\"mediaId\":92,\"mediaLink\":\"http:\/\/dpiinfo2.local\/?attachment_id=92\",\"mediaType\":\"image\",\"mediaWidth\":15} -->\n<div class=\"wp-block-media-text alignwide is-stacked-on-mobile\" style=\"grid-template-columns: 15% auto;\">\n<figure class=\"wp-block-media-text__media\"><img loading=\"lazy\" decoding=\"async\" width=\"640\" height=\"441\" class=\"wp-image-92 size-full\" src=\"http:\/\/dpiinfo2.local\/wp-content\/uploads\/2022\/01\/icon.jpg\" alt=\"\" srcset=\"https:\/\/www.dpiinformatique.com\/wp-content\/uploads\/2022\/01\/icon.jpg 640w, https:\/\/www.dpiinformatique.com\/wp-content\/uploads\/2022\/01\/icon-300x207.jpg 300w\" sizes=\"auto, (max-width: 640px) 100vw, 640px\" \/><\/figure>\n<div class=\"wp-block-media-text__content\"><!-- wp:paragraph {\"placeholder\":\"Contenu\u2026\",\"style\":{\"typography\":{\"fontSize\":\"22px\"}}} -->\n<p style=\"font-size: 22px;\">Imprimantes, \u00a0accessoires, mat\u00e9riel r\u00e9seaux. Nous s\u00e9lectionnons nos produits, afin de vous proposer, du mat\u00e9riels de qualit\u00e9s fiables et adapt\u00e9s \u00e0 vos besoins.<\/p>\n<!-- \/wp:paragraph --><\/div>\n<\/div>\n<!-- \/wp:media-text --><!-- wp:separator --><hr class=\"wp-block-separator\" \/><!-- \/wp:separator --><!-- wp:media-text {\"mediaId\":89,\"mediaLink\":\"http:\/\/dpiinfo2.local\/?attachment_id=89\",\"mediaType\":\"image\",\"mediaWidth\":15} -->\n<div class=\"wp-block-media-text alignwide is-stacked-on-mobile\" style=\"grid-template-columns: 15% auto;\">\n<figure class=\"wp-block-media-text__media\"><img loading=\"lazy\" decoding=\"async\" class=\"alignnone wp-image-202 size-medium\" src=\"http:\/\/dpiinfo2.local\/wp-content\/uploads\/2022\/01\/COmputer-300x242.png\" alt=\"\" width=\"300\" height=\"242\" srcset=\"https:\/\/www.dpiinformatique.com\/wp-content\/uploads\/2022\/01\/COmputer-300x242.png 300w, https:\/\/www.dpiinformatique.com\/wp-content\/uploads\/2022\/01\/COmputer.png 640w\" sizes=\"auto, (max-width: 300px) 100vw, 300px\" \/><\/figure>\n<div class=\"wp-block-media-text__content\"><!-- wp:paragraph {\"placeholder\":\"Contenu\u2026\",\"style\":{\"typography\":{\"fontSize\":\"22px\"}}} -->\n<p style=\"font-size: 22px;\">Assistance informatique, pour les particuliers a domicile. Nettoyage de pc, r\u00e9parations, installations de protections antivirus. Vente de mat\u00e9riels.<\/p>\n<!-- \/wp:paragraph --><\/div>\n<\/div>\n<!-- \/wp:media-text --><!-- wp:separator --><hr class=\"wp-block-separator\" \/><!-- \/wp:separator --><!-- wp:media-text {\"mediaId\":93,\"mediaLink\":\"http:\/\/dpiinfo2.local\/?attachment_id=93\",\"mediaType\":\"image\",\"mediaWidth\":15} -->\n<div class=\"wp-block-media-text alignwide is-stacked-on-mobile\" style=\"grid-template-columns: 15% auto;\">\n<figure class=\"wp-block-media-text__media\"><img loading=\"lazy\" decoding=\"async\" class=\"alignnone wp-image-205 size-medium\" src=\"http:\/\/dpiinfo2.local\/wp-content\/uploads\/2022\/01\/hethernet-300x300.png\" alt=\"\" width=\"300\" height=\"300\" srcset=\"https:\/\/www.dpiinformatique.com\/wp-content\/uploads\/2022\/01\/hethernet-300x300.png 300w, https:\/\/www.dpiinformatique.com\/wp-content\/uploads\/2022\/01\/hethernet-150x150.png 150w, https:\/\/www.dpiinformatique.com\/wp-content\/uploads\/2022\/01\/hethernet.png 640w\" sizes=\"auto, (max-width: 300px) 100vw, 300px\" \/><\/figure>\n<div class=\"wp-block-media-text__content\"><!-- wp:paragraph {\"placeholder\":\"Contenu\u2026\",\"style\":{\"typography\":{\"fontSize\":\"22px\"}}} -->\n<p style=\"font-size: 22px;\">Installation, configuration et d\u00e9pannage de connexion Internet, conseil sur le choix du fournisseur internet.<\/p>\n<!-- \/wp:paragraph --><\/div>\n<\/div>\n<!-- \/wp:media-text --><!-- wp:paragraph -->\n<p>\u00a0<\/p>\n<!-- \/wp:paragraph -->\t\t\t\t\t\t<\/div>\n\t\t\t\t<\/div>\n\t\t\t\t\t<\/div>\n\t\t<\/div>\n\t\t\t\t\t\t\t<\/div>\n\t\t<\/section>\n\t\t\t\t\t\t<\/div>\n\t\t\t\t\t<\/div>\n\t\t","protected":false},"excerpt":{"rendered":"<p>D\u00e9pannage informatique sur site. Audit &amp; Conseil de votre parc informatique. Entretiens de vos machines, d\u00e9sinfection virale, mise \u00e0 jour syst\u00e8mes et logiciels. Mise en service de R\u00e9seau.\u00a0Solution de sauvegarde de vos donn\u00e9es s\u00e9curis\u00e9. Nous proposons une offre de Maintenance pr\u00e9ventive et curative, adapt\u00e9 a vos besoins. Interventions dans les plus brefs d\u00e9lais, sur simple&hellip;&nbsp;<a href=\"https:\/\/www.dpiinformatique.com\/?page_id=48\" class=\"\" rel=\"bookmark\">Lire la suite &raquo;<span class=\"screen-reader-text\">Services<\/span><\/a><\/p>\n","protected":false},"author":1,"featured_media":0,"parent":0,"menu_order":0,"comment_status":"closed","ping_status":"closed","template":"","meta":{"neve_meta_sidebar":"","neve_meta_container":"","neve_meta_enable_content_width":"","neve_meta_content_width":0,"neve_meta_title_alignment":"","neve_meta_author_avatar":"","neve_post_elements_order":"","neve_meta_disable_header":"","neve_meta_disable_footer":"","neve_meta_disable_title":"","footnotes":""},"class_list":["post-48","page","type-page","status-publish","hentry"],"_links":{"self":[{"href":"https:\/\/www.dpiinformatique.com\/index.php?rest_route=\/wp\/v2\/pages\/48","targetHints":{"allow":["GET"]}}],"collection":[{"href":"https:\/\/www.dpiinformatique.com\/index.php?rest_route=\/wp\/v2\/pages"}],"about":[{"href":"https:\/\/www.dpiinformatique.com\/index.php?rest_route=\/wp\/v2\/types\/page"}],"author":[{"embeddable":true,"href":"https:\/\/www.dpiinformatique.com\/index.php?rest_route=\/wp\/v2\/users\/1"}],"replies":[{"embeddable":true,"href":"https:\/\/www.dpiinformatique.com\/index.php?rest_route=%2Fwp%2Fv2%2Fcomments&post=48"}],"version-history":[{"count":12,"href":"https:\/\/www.dpiinformatique.com\/index.php?rest_route=\/wp\/v2\/pages\/48\/revisions"}],"predecessor-version":[{"id":209,"href":"https:\/\/www.dpiinformatique.com\/index.php?rest_route=\/wp\/v2\/pages\/48\/revisions\/209"}],"wp:attachment":[{"href":"https:\/\/www.dpiinformatique.com\/index.php?rest_route=%2Fwp%2Fv2%2Fmedia&parent=48"}],"curies":[{"name":"wp","href":"https:\/\/api.w.org\/{rel}","templated":true}]}}